{"id":148,"date":"2022-09-01T18:26:11","date_gmt":"2022-09-01T16:26:11","guid":{"rendered":"http:\/\/zeitaufsee.de\/?page_id=148"},"modified":"2023-11-25T11:46:30","modified_gmt":"2023-11-25T10:46:30","slug":"unser-weg","status":"publish","type":"page","link":"https:\/\/zeitaufsee.de\/en\/unser-weg\/","title":{"rendered":"The very beginning"},"content":{"rendered":"<p>[et_pb_section fb_built=&#8220;1&#8243; admin_label=&#8220;Sektion What about&#8220; module_id=&#8220;alleranfang&#8220; _builder_version=&#8220;4.18.0&#8243; custom_padding=&#8220;|||&#8220; global_colors_info=&#8220;{}&#8220;][et_pb_row column_structure=&#8220;1_2,1_2&#8243; _builder_version=&#8220;4.16&#8243; min_height=&#8220;1767.5px&#8220; custom_padding=&#8220;|||&#8220; global_colors_info=&#8220;{}&#8220;][et_pb_column type=&#8220;1_2&#8243; _builder_version=&#8220;4.16&#8243; custom_padding=&#8220;|||&#8220; global_colors_info=&#8220;{}&#8220; custom_padding__hover=&#8220;|||&#8220;][et_pb_cta title=&#8220;Aller Anfang &#8220; button_url=&#8220;http:\/\/zeitaufsee.de\/#alleranfang&#8220; button_text=&#8220;Zur\u00fcck&#8220; admin_label=&#8220;Woher kommst Du?&#8220; _builder_version=&#8220;4.18.0&#8243; header_font=&#8220;Noto Serif|700|||||||&#8220; header_text_align=&#8220;center&#8220; header_text_color=&#8220;#0C71C3&#8243; header_font_size=&#8220;44px&#8220; header_line_height=&#8220;1.5em&#8220; body_font=&#8220;Noto Sans||||||||&#8220; body_font_size=&#8220;17px&#8220; body_line_height=&#8220;2em&#8220; use_background_color=&#8220;off&#8220; custom_button=&#8220;on&#8220; button_text_size=&#8220;17px&#8220; button_text_color=&#8220;#ffffff&#8220; button_bg_color=&#8220;#0C71C3&#8243; button_border_width=&#8220;0px&#8220; button_border_color=&#8220;#ff6b5a&#8220; button_border_radius=&#8220;10px&#8220; button_font=&#8220;Noto Sans|700||on|||||&#8220; button_use_icon=&#8220;off&#8220; text_orientation=&#8220;justified&#8220; background_layout=&#8220;light&#8220; custom_margin=&#8220;30px||||false|false&#8220; custom_padding=&#8220;||0px|||&#8220; hover_enabled=&#8220;0&#8243; header_font_size_tablet=&#8220;&#8220; header_font_size_phone=&#8220;30px&#8220; header_font_size_last_edited=&#8220;on|phone&#8220; button_text_color_hover=&#8220;#ffffff&#8220; button_border_color_hover=&#8220;#ff9e59&#8243; button_bg_color_hover=&#8220;#ff9e59&#8243; global_colors_info=&#8220;{}&#8220; button_text_size__hover_enabled=&#8220;off&#8220; button_one_text_size__hover_enabled=&#8220;off&#8220; button_two_text_size__hover_enabled=&#8220;off&#8220; button_text_color__hover_enabled=&#8220;on&#8220; button_text_color__hover=&#8220;#ffffff&#8220; button_one_text_color__hover_enabled=&#8220;off&#8220; button_two_text_color__hover_enabled=&#8220;off&#8220; button_border_width__hover_enabled=&#8220;off&#8220; button_one_border_width__hover_enabled=&#8220;off&#8220; button_two_border_width__hover_enabled=&#8220;off&#8220; button_border_color__hover_enabled=&#8220;on&#8220; button_border_color__hover=&#8220;#ff9e59&#8243; button_one_border_color__hover_enabled=&#8220;off&#8220; button_two_border_color__hover_enabled=&#8220;off&#8220; button_border_radius__hover_enabled=&#8220;off&#8220; button_one_border_radius__hover_enabled=&#8220;off&#8220; button_two_border_radius__hover_enabled=&#8220;off&#8220; button_letter_spacing__hover_enabled=&#8220;off&#8220; button_one_letter_spacing__hover_enabled=&#8220;off&#8220; button_two_letter_spacing__hover_enabled=&#8220;off&#8220; button_bg_color__hover_enabled=&#8220;on&#8220; button_bg_color__hover=&#8220;#ff9e59&#8243; button_one_bg_color__hover_enabled=&#8220;off&#8220; button_two_bg_color__hover_enabled=&#8220;off&#8220; sticky_enabled=&#8220;0&#8243;]<\/p>\n<p>&#8230;<\/p>\n<p>Odysseus h\u00e4tte die Frage &#8218;Und jetzt?&#8216; nicht verstanden. Er tat, was er immer tat. Er stellte sich den Aufgaben, die ihm das Leben auftrug. Er erkannte seine Herausforderungen und ersann findige L\u00f6sungen f\u00fcr alle Probleme entlang des Weges. Ob es den G\u00f6ttern passte oder nicht. Vor allem Poseidon, den hatte er schon einmal ausgetrickst. Das brachte ihm nicht nur \u00c4rger, sondern reichlich Respekt und Anerkennung. Auch von den G\u00f6ttern, die am Ende beschlossen, sich seiner Heimkehr nicht l\u00e4nger in den Weg zu stellen. In jedem von uns schlummert ein Odysseus. Jeder von uns kann das Vertrauen in die eigenen F\u00e4higkeiten st\u00e4rken, das Feuer in sich am Lodern halten. Jeder.<br \/>\nFreilich geht es leichter mit Penelope an der Seite. Ich habe mir vorgenommen, es noch besser zu machen als der antike Held. Ich nehme meine Penelope mit auf den Weg. Sie ist eine wunderbare Frau. Sie tr\u00e4gt mich, sie ist mir Muse, sie steht mir in der Not bei. Und ich ihr. So gut ich kann. Gemeinsam begeben wir uns auf die Spuren des gottgleichen Helden, gemeinsam zeichnen wir seinen Weg nach, widerstehen den Sirenen, besiegen den Zyklopen, lassen und becircen und uns von Calypso gefangen nehmen. Es wird nur eine Nussschale sein, mit der wir durch Poseidons Reich schippern, aber am Ende werden wir heimkehren.<\/p>\n<p>[\/et_pb_cta][\/et_pb_column][et_pb_column type=&#8220;1_2&#8243; _builder_version=&#8220;4.16&#8243; custom_padding=&#8220;|||&#8220; global_colors_info=&#8220;{}&#8220; custom_padding__hover=&#8220;|||&#8220;][et_pb_image src=&#8220;http:\/\/zeitaufsee.de\/wp-content\/uploads\/2022\/09\/Lefkas-027-1024&#215;683.jpg&#8220; title_text=&#8220;Lefkas-027&#8243; align_tablet=&#8220;center&#8220; align_phone=&#8220;center&#8220; align_last_edited=&#8220;on|desktop&#8220; admin_label=&#8220;Bild &#8211; Landschaft&#8220; _builder_version=&#8220;4.18.0&#8243; custom_margin=&#8220;0px||||false|false&#8220; animation_style=&#8220;slide&#8220; animation_direction=&#8220;bottom&#8220; animation_intensity_slide=&#8220;2%&#8220; border_radii=&#8220;on|3px|3px|3px|3px&#8220; box_shadow_style=&#8220;preset2&#8243; box_shadow_horizontal=&#8220;33px&#8220; box_shadow_vertical=&#8220;52px&#8220; box_shadow_blur=&#8220;80px&#8220; box_shadow_color=&#8220;rgba(0,36,73,0.07)&#8220; global_colors_info=&#8220;{}&#8220;][\/et_pb_image][et_pb_social_media_follow _builder_version=&#8220;4.18.0&#8243; text_orientation=&#8220;center&#8220; background_layout=&#8220;dark&#8220; module_alignment=&#8220;right&#8220; custom_margin=&#8220;-56px|||&#8220; custom_margin_tablet=&#8220;&#8220; custom_margin_phone=&#8220;&#8220; custom_margin_last_edited=&#8220;on|desktop&#8220; animation_style=&#8220;fade&#8220; border_radii=&#8220;on|100%|100%|100%|100%&#8220; box_shadow_style=&#8220;preset1&#8243; box_shadow_blur=&#8220;60px&#8220; locked=&#8220;off&#8220; global_colors_info=&#8220;{}&#8220;][et_pb_social_media_follow_network social_network=&#8220;facebook&#8220; icon_color=&#8220;#FFFFFF&#8220; _builder_version=&#8220;4.18.0&#8243; background_color=&#8220;#0C71C3&#8243; background_enable_color=&#8220;on&#8220; custom_margin=&#8220;|10px||10px||true&#8220; custom_padding=&#8220;10px|10px|10px|10px|true|true&#8220; global_colors_info=&#8220;{}&#8220; follow_button=&#8220;off&#8220; url_new_window=&#8220;on&#8220;]facebook[\/et_pb_social_media_follow_network][et_pb_social_media_follow_network social_network=&#8220;instagram&#8220; icon_color=&#8220;#FFFFFF&#8220; _builder_version=&#8220;4.18.0&#8243; background_color=&#8220;#0C71C3&#8243; background_enable_color=&#8220;on&#8220; custom_margin=&#8220;|10px||10px||true&#8220; custom_padding=&#8220;10px|10px|10px|10px|true|true&#8220; global_colors_info=&#8220;{}&#8220; follow_button=&#8220;off&#8220; url_new_window=&#8220;on&#8220;]instagram[\/et_pb_social_media_follow_network][et_pb_social_media_follow_network social_network=&#8220;youtube&#8220; icon_color=&#8220;#FFFFFF&#8220; _builder_version=&#8220;4.18.0&#8243; background_color=&#8220;#0C71C3&#8243; background_enable_color=&#8220;on&#8220; custom_margin=&#8220;|10px||10px||true&#8220; custom_padding=&#8220;10px|10px|10px|10px|true|true&#8220; global_colors_info=&#8220;{}&#8220; follow_button=&#8220;off&#8220; url_new_window=&#8220;on&#8220;]youtube[\/et_pb_social_media_follow_network][\/et_pb_social_media_follow][\/et_pb_column][\/et_pb_row][\/et_pb_section]<\/p>\n","protected":false},"excerpt":{"rendered":"<p>&#8230; Odysseus h\u00e4tte die Frage &#8218;Und jetzt?&#8216; nicht verstanden. Er tat, was er immer tat. Er stellte sich den Aufgaben, die ihm das Leben auftrug. Er erkannte seine Herausforderungen und ersann findige L\u00f6sungen f\u00fcr alle Probleme entlang des Weges. Ob es den G\u00f6ttern passte oder nicht. Vor allem Poseidon, den hatte er schon einmal ausgetrickst. [&hellip;]<\/p>\n","protected":false},"author":1,"featured_media":0,"parent":0,"menu_order":0,"comment_status":"closed","ping_status":"closed","template":"","meta":{"_et_pb_use_builder":"on","_et_pb_old_content":"","_et_gb_content_width":"","_lmt_disableupdate":"","_lmt_disable":"","footnotes":""},"class_list":["post-148","page","type-page","status-publish","hentry"],"yoast_head":"<!-- This site is optimized with the Yoast SEO plugin v27.2 - https:\/\/yoast.com\/product\/yoast-seo-wordpress\/ -->\n<title>Aller Anfang - Zeit auf See<\/title>\n<meta name=\"description\" content=\"Mitsegeln auf unserem Katamaran im Mittelmeer\" \/>\n<meta name=\"robots\" content=\"noindex, nofollow\" \/>\n<meta property=\"og:locale\" content=\"en_GB\" \/>\n<meta property=\"og:type\" content=\"article\" \/>\n<meta property=\"og:title\" content=\"Aller Anfang - Zeit auf See\" \/>\n<meta property=\"og:description\" content=\"Mitsegeln auf unserem Katamaran im Mittelmeer\" \/>\n<meta property=\"og:url\" content=\"https:\/\/zeitaufsee.de\/en\/unser-weg\/\" \/>\n<meta property=\"og:site_name\" content=\"Zeit auf See\" \/>\n<meta property=\"article:modified_time\" content=\"2023-11-25T10:46:30+00:00\" \/>\n<meta name=\"twitter:card\" content=\"summary_large_image\" \/>\n<meta name=\"twitter:label1\" content=\"Estimated reading time\" \/>\n\t<meta name=\"twitter:data1\" content=\"3 minutes\" \/>\n<script type=\"application\/ld+json\" class=\"yoast-schema-graph\">{\"@context\":\"https:\/\/schema.org\",\"@graph\":[{\"@type\":\"WebPage\",\"@id\":\"https:\/\/zeitaufsee.de\/unser-weg\/\",\"url\":\"https:\/\/zeitaufsee.de\/unser-weg\/\",\"name\":\"Aller Anfang - Zeit auf See\",\"isPartOf\":{\"@id\":\"https:\/\/zeitaufsee.de\/#website\"},\"datePublished\":\"2022-09-01T16:26:11+00:00\",\"dateModified\":\"2023-11-25T10:46:30+00:00\",\"description\":\"Mitsegeln auf unserem Katamaran im Mittelmeer\",\"breadcrumb\":{\"@id\":\"https:\/\/zeitaufsee.de\/unser-weg\/#breadcrumb\"},\"inLanguage\":\"en-GB\",\"potentialAction\":[{\"@type\":\"ReadAction\",\"target\":[\"https:\/\/zeitaufsee.de\/unser-weg\/\"]}]},{\"@type\":\"BreadcrumbList\",\"@id\":\"https:\/\/zeitaufsee.de\/unser-weg\/#breadcrumb\",\"itemListElement\":[{\"@type\":\"ListItem\",\"position\":1,\"name\":\"Startseite\",\"item\":\"https:\/\/zeitaufsee.de\/\"},{\"@type\":\"ListItem\",\"position\":2,\"name\":\"Aller Anfang\"}]},{\"@type\":\"WebSite\",\"@id\":\"https:\/\/zeitaufsee.de\/#website\",\"url\":\"https:\/\/zeitaufsee.de\/\",\"name\":\"Zeit auf See\",\"description\":\"Auf den Spuren des Odysseus\",\"potentialAction\":[{\"@type\":\"SearchAction\",\"target\":{\"@type\":\"EntryPoint\",\"urlTemplate\":\"https:\/\/zeitaufsee.de\/?s={search_term_string}\"},\"query-input\":{\"@type\":\"PropertyValueSpecification\",\"valueRequired\":true,\"valueName\":\"search_term_string\"}}],\"inLanguage\":\"en-GB\"}]}<\/script>\n<!-- \/ Yoast SEO plugin. -->","yoast_head_json":{"title":"Aller Anfang - Zeit auf See","description":"Mitsegeln auf unserem Katamaran im Mittelmeer","robots":{"index":"noindex","follow":"nofollow"},"og_locale":"en_GB","og_type":"article","og_title":"Aller Anfang - Zeit auf See","og_description":"Mitsegeln auf unserem Katamaran im Mittelmeer","og_url":"https:\/\/zeitaufsee.de\/en\/unser-weg\/","og_site_name":"Zeit auf See","article_modified_time":"2023-11-25T10:46:30+00:00","twitter_card":"summary_large_image","twitter_misc":{"Estimated reading time":"3 minutes"},"schema":{"@context":"https:\/\/schema.org","@graph":[{"@type":"WebPage","@id":"https:\/\/zeitaufsee.de\/unser-weg\/","url":"https:\/\/zeitaufsee.de\/unser-weg\/","name":"Aller Anfang - Zeit auf See","isPartOf":{"@id":"https:\/\/zeitaufsee.de\/#website"},"datePublished":"2022-09-01T16:26:11+00:00","dateModified":"2023-11-25T10:46:30+00:00","description":"Mitsegeln auf unserem Katamaran im Mittelmeer","breadcrumb":{"@id":"https:\/\/zeitaufsee.de\/unser-weg\/#breadcrumb"},"inLanguage":"en-GB","potentialAction":[{"@type":"ReadAction","target":["https:\/\/zeitaufsee.de\/unser-weg\/"]}]},{"@type":"BreadcrumbList","@id":"https:\/\/zeitaufsee.de\/unser-weg\/#breadcrumb","itemListElement":[{"@type":"ListItem","position":1,"name":"Startseite","item":"https:\/\/zeitaufsee.de\/"},{"@type":"ListItem","position":2,"name":"Aller Anfang"}]},{"@type":"WebSite","@id":"https:\/\/zeitaufsee.de\/#website","url":"https:\/\/zeitaufsee.de\/","name":"Time at Sea","description":"Auf den Spuren des Odysseus","potentialAction":[{"@type":"SearchAction","target":{"@type":"EntryPoint","urlTemplate":"https:\/\/zeitaufsee.de\/?s={search_term_string}"},"query-input":{"@type":"PropertyValueSpecification","valueRequired":true,"valueName":"search_term_string"}}],"inLanguage":"en-GB"}]}},"_links":{"self":[{"href":"https:\/\/zeitaufsee.de\/en\/wp-json\/wp\/v2\/pages\/148","targetHints":{"allow":["GET"]}}],"collection":[{"href":"https:\/\/zeitaufsee.de\/en\/wp-json\/wp\/v2\/pages"}],"about":[{"href":"https:\/\/zeitaufsee.de\/en\/wp-json\/wp\/v2\/types\/page"}],"author":[{"embeddable":true,"href":"https:\/\/zeitaufsee.de\/en\/wp-json\/wp\/v2\/users\/1"}],"replies":[{"embeddable":true,"href":"https:\/\/zeitaufsee.de\/en\/wp-json\/wp\/v2\/comments?post=148"}],"version-history":[{"count":23,"href":"https:\/\/zeitaufsee.de\/en\/wp-json\/wp\/v2\/pages\/148\/revisions"}],"predecessor-version":[{"id":2094,"href":"https:\/\/zeitaufsee.de\/en\/wp-json\/wp\/v2\/pages\/148\/revisions\/2094"}],"wp:attachment":[{"href":"https:\/\/zeitaufsee.de\/en\/wp-json\/wp\/v2\/media?parent=148"}],"curies":[{"name":"wp","href":"https:\/\/api.w.org\/{rel}","templated":true}]}}